{"id":753,"date":"2018-02-22T15:26:50","date_gmt":"2018-02-22T15:26:50","guid":{"rendered":"https:\/\/www.fromdoppler.com\/\/\/\/\/?page_id=753"},"modified":"2024-05-21T14:54:57","modified_gmt":"2024-05-21T14:54:57","slug":"campaigns","status":"publish","type":"page","link":"https:\/\/www.fromdoppler.com\/es\/campanas-email\/","title":{"rendered":"Funcionalidades &#8211; Campanas"},"content":{"rendered":"","protected":false},"excerpt":{"rendered":"","protected":false},"author":5,"featured_media":0,"parent":0,"menu_order":26,"comment_status":"closed","ping_status":"closed","template":"","meta":[],"acf":[],"yoast_head":"<!-- This site is optimized with the Yoast SEO plugin v19.6.1 - https:\/\/yoast.com\/wordpress\/plugins\/seo\/ -->\n<title>Campa\u00f1as de Email Marketing estrat\u00e9gicamente | Doppler<\/title>\n<meta name=\"description\" content=\"Crea Campa\u00f1as de Email Marketing Gratis. Integra con Redes Sociales, haz Test A\/B y aprovecha todas las funcionalidades para tener \u00e9xito. \u00a1Conoce m\u00e1s!\" \/>\n<meta name=\"robots\" content=\"index, follow, max-snippet:-1, max-image-preview:large, max-video-preview:-1\" \/>\n<meta property=\"og:locale\" content=\"es_ES\" \/>\n<meta property=\"og:type\" content=\"article\" \/>\n<meta property=\"og:title\" content=\"Campa\u00f1as de Email Marketing estrat\u00e9gicamente | Doppler\" \/>\n<meta property=\"og:description\" content=\"Crea Campa\u00f1as de Email Marketing Gratis. Integra con Redes Sociales, haz Test A\/B y aprovecha todas las funcionalidades para tener \u00e9xito. \u00a1Conoce m\u00e1s!\" \/>\n<meta property=\"og:url\" content=\"https:\/\/www.fromdoppler.com\/es\/campanas-email\/\" \/>\n<meta property=\"og:site_name\" content=\"Doppler Website\" \/>\n<meta property=\"article:modified_time\" content=\"2024-05-21T14:54:57+00:00\" \/>\n<meta name=\"twitter:card\" content=\"summary_large_image\" \/>\n<!-- \/ Yoast SEO plugin. -->","yoast_head_json":{"title":"Campa\u00f1as de Email Marketing estrat\u00e9gicamente | Doppler","description":"Crea Campa\u00f1as de Email Marketing Gratis. Integra con Redes Sociales, haz Test A\/B y aprovecha todas las funcionalidades para tener \u00e9xito. \u00a1Conoce m\u00e1s!","robots":{"index":"index","follow":"follow","max-snippet":"max-snippet:-1","max-image-preview":"max-image-preview:large","max-video-preview":"max-video-preview:-1"},"og_locale":"es_ES","og_type":"article","og_title":"Campa\u00f1as de Email Marketing estrat\u00e9gicamente | Doppler","og_description":"Crea Campa\u00f1as de Email Marketing Gratis. Integra con Redes Sociales, haz Test A\/B y aprovecha todas las funcionalidades para tener \u00e9xito. \u00a1Conoce m\u00e1s!","og_url":"https:\/\/www.fromdoppler.com\/es\/campanas-email\/","og_site_name":"Doppler Website","article_modified_time":"2024-05-21T14:54:57+00:00","twitter_card":"summary_large_image","schema":{"@context":"https:\/\/schema.org","@graph":[{"@type":"WebPage","@id":"https:\/\/www.fromdoppler.com\/es\/campanas-email\/","url":"https:\/\/www.fromdoppler.com\/es\/campanas-email\/","name":"[:es]Campa\u00f1as de Email Marketing estrat\u00e9gicamente | Doppler [:en]Email Marketing Campaign Strategically | Doppler[:]","isPartOf":{"@id":"https:\/\/www.fromdoppler.com\/es\/#website"},"datePublished":"2018-02-22T15:26:50+00:00","dateModified":"2024-05-21T14:54:57+00:00","description":"[:es]Crea Campa\u00f1as de Email Marketing Gratis. Integra con Redes Sociales, haz Test A\/B y aprovecha todas las funcionalidades para tener \u00e9xito. \u00a1Conoce m\u00e1s![:en]Create Free Email Marketing Campaigns. Integrate with Social Networks, do A\/B Testing and take advantage of all the features to be successful. Learn more![:]","breadcrumb":{"@id":"https:\/\/www.fromdoppler.com\/es\/campanas-email\/#breadcrumb"},"inLanguage":"es","potentialAction":[{"@type":"ReadAction","target":["https:\/\/www.fromdoppler.com\/es\/campanas-email\/"]}]},{"@type":"BreadcrumbList","@id":"https:\/\/www.fromdoppler.com\/es\/campanas-email\/#breadcrumb","itemListElement":[{"@type":"ListItem","position":1,"name":"Home","item":"https:\/\/www.fromdoppler.com\/es\/"},{"@type":"ListItem","position":2,"name":"Funcionalidades &#8211; Campanas"}]},{"@type":"WebSite","@id":"https:\/\/www.fromdoppler.com\/es\/#website","url":"https:\/\/www.fromdoppler.com\/es\/","name":"Doppler Website","description":"Otro sitio realizado con WordPress","potentialAction":[{"@type":"SearchAction","target":{"@type":"EntryPoint","urlTemplate":"https:\/\/www.fromdoppler.com\/es\/?s={search_term_string}"},"query-input":"required name=search_term_string"}],"inLanguage":"es"}]}},"_links":{"self":[{"href":"https:\/\/www.fromdoppler.com\/es\/wp-json\/wp\/v2\/pages\/753"}],"collection":[{"href":"https:\/\/www.fromdoppler.com\/es\/wp-json\/wp\/v2\/pages"}],"about":[{"href":"https:\/\/www.fromdoppler.com\/es\/wp-json\/wp\/v2\/types\/page"}],"author":[{"embeddable":true,"href":"https:\/\/www.fromdoppler.com\/es\/wp-json\/wp\/v2\/users\/5"}],"replies":[{"embeddable":true,"href":"https:\/\/www.fromdoppler.com\/es\/wp-json\/wp\/v2\/comments?post=753"}],"version-history":[{"count":0,"href":"https:\/\/www.fromdoppler.com\/es\/wp-json\/wp\/v2\/pages\/753\/revisions"}],"wp:attachment":[{"href":"https:\/\/www.fromdoppler.com\/es\/wp-json\/wp\/v2\/media?parent=753"}],"curies":[{"name":"wp","href":"https:\/\/api.w.org\/{rel}","templated":true}]}}