{"id":749,"date":"2018-02-22T15:23:36","date_gmt":"2018-02-22T15:23:36","guid":{"rendered":"https:\/\/www.fromdoppler.com\/\/\/\/\/?page_id=749"},"modified":"2024-05-21T15:09:57","modified_gmt":"2024-05-21T15:09:57","slug":"segmentation","status":"publish","type":"page","link":"https:\/\/www.fromdoppler.com\/es\/segmentacion-email-marketing\/","title":{"rendered":"Funcionalidades &#8211; Segmentacion"},"content":{"rendered":"","protected":false},"excerpt":{"rendered":"","protected":false},"author":5,"featured_media":0,"parent":0,"menu_order":28,"comment_status":"closed","ping_status":"closed","template":"","meta":[],"acf":[],"yoast_head":"<!-- This site is optimized with the Yoast SEO plugin v19.6.1 - https:\/\/yoast.com\/wordpress\/plugins\/seo\/ -->\n<title>Vende m\u00e1s con la Segmentaci\u00f3n de Email Marketing | Doppler<\/title>\n<meta name=\"description\" content=\"\u00a1Crea campa\u00f1as exitosas gracias a la Segmentaci\u00f3n en Email Marketing. Segmenta seg\u00fan datos demogr\u00e1ficos, compras pasadas, gustos y m\u00e1s. \u00a1Empieza ahora!\" \/>\n<meta name=\"robots\" content=\"index, follow, max-snippet:-1, max-image-preview:large, max-video-preview:-1\" \/>\n<meta property=\"og:locale\" content=\"es_ES\" \/>\n<meta property=\"og:type\" content=\"article\" \/>\n<meta property=\"og:title\" content=\"Vende m\u00e1s con la Segmentaci\u00f3n de Email Marketing | Doppler\" \/>\n<meta property=\"og:description\" content=\"\u00a1Crea campa\u00f1as exitosas gracias a la Segmentaci\u00f3n en Email Marketing. Segmenta seg\u00fan datos demogr\u00e1ficos, compras pasadas, gustos y m\u00e1s. \u00a1Empieza ahora!\" \/>\n<meta property=\"og:url\" content=\"https:\/\/www.fromdoppler.com\/es\/segmentacion-email-marketing\/\" \/>\n<meta property=\"og:site_name\" content=\"Doppler Website\" \/>\n<meta property=\"article:modified_time\" content=\"2024-05-21T15:09:57+00:00\" \/>\n<meta name=\"twitter:card\" content=\"summary_large_image\" \/>\n<!-- \/ Yoast SEO plugin. -->","yoast_head_json":{"title":"Vende m\u00e1s con la Segmentaci\u00f3n de Email Marketing | Doppler","description":"\u00a1Crea campa\u00f1as exitosas gracias a la Segmentaci\u00f3n en Email Marketing. Segmenta seg\u00fan datos demogr\u00e1ficos, compras pasadas, gustos y m\u00e1s. \u00a1Empieza ahora!","robots":{"index":"index","follow":"follow","max-snippet":"max-snippet:-1","max-image-preview":"max-image-preview:large","max-video-preview":"max-video-preview:-1"},"og_locale":"es_ES","og_type":"article","og_title":"Vende m\u00e1s con la Segmentaci\u00f3n de Email Marketing | Doppler","og_description":"\u00a1Crea campa\u00f1as exitosas gracias a la Segmentaci\u00f3n en Email Marketing. Segmenta seg\u00fan datos demogr\u00e1ficos, compras pasadas, gustos y m\u00e1s. \u00a1Empieza ahora!","og_url":"https:\/\/www.fromdoppler.com\/es\/segmentacion-email-marketing\/","og_site_name":"Doppler Website","article_modified_time":"2024-05-21T15:09:57+00:00","twitter_card":"summary_large_image","schema":{"@context":"https:\/\/schema.org","@graph":[{"@type":"WebPage","@id":"https:\/\/www.fromdoppler.com\/es\/segmentacion-email-marketing\/","url":"https:\/\/www.fromdoppler.com\/es\/segmentacion-email-marketing\/","name":"[:es]Vende m\u00e1s con la Segmentaci\u00f3n de Email Marketing | Doppler[:en]Generate the perfect Mailing List segmentation | Doppler[:]","isPartOf":{"@id":"https:\/\/www.fromdoppler.com\/es\/#website"},"datePublished":"2018-02-22T15:23:36+00:00","dateModified":"2024-05-21T15:09:57+00:00","description":"[:es]\u00a1Crea campa\u00f1as exitosas gracias a la Segmentaci\u00f3n en Email Marketing. Segmenta seg\u00fan datos demogr\u00e1ficos, compras pasadas, gustos y m\u00e1s. \u00a1Empieza ahora![:en]When it comes to Email Marketing, List segmentation is key! With Doppler you can target your Contacts based on their behaviour or their demographics.[:]","breadcrumb":{"@id":"https:\/\/www.fromdoppler.com\/es\/segmentacion-email-marketing\/#breadcrumb"},"inLanguage":"es","potentialAction":[{"@type":"ReadAction","target":["https:\/\/www.fromdoppler.com\/es\/segmentacion-email-marketing\/"]}]},{"@type":"BreadcrumbList","@id":"https:\/\/www.fromdoppler.com\/es\/segmentacion-email-marketing\/#breadcrumb","itemListElement":[{"@type":"ListItem","position":1,"name":"Home","item":"https:\/\/www.fromdoppler.com\/es\/"},{"@type":"ListItem","position":2,"name":"Funcionalidades &#8211; Segmentacion"}]},{"@type":"WebSite","@id":"https:\/\/www.fromdoppler.com\/es\/#website","url":"https:\/\/www.fromdoppler.com\/es\/","name":"Doppler Website","description":"Otro sitio realizado con WordPress","potentialAction":[{"@type":"SearchAction","target":{"@type":"EntryPoint","urlTemplate":"https:\/\/www.fromdoppler.com\/es\/?s={search_term_string}"},"query-input":"required name=search_term_string"}],"inLanguage":"es"}]}},"_links":{"self":[{"href":"https:\/\/www.fromdoppler.com\/es\/wp-json\/wp\/v2\/pages\/749"}],"collection":[{"href":"https:\/\/www.fromdoppler.com\/es\/wp-json\/wp\/v2\/pages"}],"about":[{"href":"https:\/\/www.fromdoppler.com\/es\/wp-json\/wp\/v2\/types\/page"}],"author":[{"embeddable":true,"href":"https:\/\/www.fromdoppler.com\/es\/wp-json\/wp\/v2\/users\/5"}],"replies":[{"embeddable":true,"href":"https:\/\/www.fromdoppler.com\/es\/wp-json\/wp\/v2\/comments?post=749"}],"version-history":[{"count":0,"href":"https:\/\/www.fromdoppler.com\/es\/wp-json\/wp\/v2\/pages\/749\/revisions"}],"wp:attachment":[{"href":"https:\/\/www.fromdoppler.com\/es\/wp-json\/wp\/v2\/media?parent=749"}],"curies":[{"name":"wp","href":"https:\/\/api.w.org\/{rel}","templated":true}]}}