{"id":4372,"date":"2024-10-03T14:10:20","date_gmt":"2024-10-03T14:10:20","guid":{"rendered":"https:\/\/www.fromdoppler.com\/es\/?page_id=4372"},"modified":"2024-11-06T14:45:26","modified_gmt":"2024-11-06T14:45:26","slug":"marketing-automation-para-e-commerce-de-argentina","status":"publish","type":"page","link":"https:\/\/www.fromdoppler.com\/es\/marketing-automation-para-ecommerce-argentina\/","title":{"rendered":"Marketing Automation para E-commerce de Argentina"},"content":{"rendered":"","protected":false},"excerpt":{"rendered":"","protected":false},"author":15,"featured_media":0,"parent":0,"menu_order":0,"comment_status":"closed","ping_status":"closed","template":"page-marketing-automation-ecommerce-argentina.php","meta":[],"acf":[],"yoast_head":"<!-- This site is optimized with the Yoast SEO plugin v19.6.1 - https:\/\/yoast.com\/wordpress\/plugins\/seo\/ -->\n<title>Marketing Automation para E-commerce Argentinos | Doppler<\/title>\n<meta name=\"description\" content=\"Hac\u00e9 crecer tu negocio e impulsa las ventas de tu E-commerce en Argentina, ahorr\u00e1 tiempo y dinero gracias al Marketing Automation. Conoc\u00e9 m\u00e1s aqu\u00ed.\" \/>\n<meta name=\"robots\" content=\"index, follow, max-snippet:-1, max-image-preview:large, max-video-preview:-1\" \/>\n<meta property=\"og:locale\" content=\"es_ES\" \/>\n<meta property=\"og:type\" content=\"article\" \/>\n<meta property=\"og:title\" content=\"Marketing Automation para E-commerce Argentinos | Doppler\" \/>\n<meta property=\"og:description\" content=\"Hac\u00e9 crecer tu negocio e impulsa las ventas de tu E-commerce en Argentina, ahorr\u00e1 tiempo y dinero gracias al Marketing Automation. Conoc\u00e9 m\u00e1s aqu\u00ed.\" \/>\n<meta property=\"og:url\" content=\"https:\/\/www.fromdoppler.com\/es\/marketing-automation-para-ecommerce-argentina\/\" \/>\n<meta property=\"og:site_name\" content=\"Doppler Website\" \/>\n<meta property=\"article:modified_time\" content=\"2024-11-06T14:45:26+00:00\" \/>\n<meta name=\"twitter:card\" content=\"summary_large_image\" \/>\n<!-- \/ Yoast SEO plugin. -->","yoast_head_json":{"title":"Marketing Automation para E-commerce Argentinos | Doppler","description":"Hac\u00e9 crecer tu negocio e impulsa las ventas de tu E-commerce en Argentina, ahorr\u00e1 tiempo y dinero gracias al Marketing Automation. Conoc\u00e9 m\u00e1s aqu\u00ed.","robots":{"index":"index","follow":"follow","max-snippet":"max-snippet:-1","max-image-preview":"max-image-preview:large","max-video-preview":"max-video-preview:-1"},"og_locale":"es_ES","og_type":"article","og_title":"Marketing Automation para E-commerce Argentinos | Doppler","og_description":"Hac\u00e9 crecer tu negocio e impulsa las ventas de tu E-commerce en Argentina, ahorr\u00e1 tiempo y dinero gracias al Marketing Automation. Conoc\u00e9 m\u00e1s aqu\u00ed.","og_url":"https:\/\/www.fromdoppler.com\/es\/marketing-automation-para-ecommerce-argentina\/","og_site_name":"Doppler Website","article_modified_time":"2024-11-06T14:45:26+00:00","twitter_card":"summary_large_image","schema":{"@context":"https:\/\/schema.org","@graph":[{"@type":"WebPage","@id":"https:\/\/www.fromdoppler.com\/es\/marketing-automation-para-ecommerce-argentina\/","url":"https:\/\/www.fromdoppler.com\/es\/marketing-automation-para-ecommerce-argentina\/","name":"Marketing Automation para E-commerce Argentinos | Doppler","isPartOf":{"@id":"https:\/\/www.fromdoppler.com\/es\/#website"},"datePublished":"2024-10-03T14:10:20+00:00","dateModified":"2024-11-06T14:45:26+00:00","description":"Hac\u00e9 crecer tu negocio e impulsa las ventas de tu E-commerce en Argentina, ahorr\u00e1 tiempo y dinero gracias al Marketing Automation. Conoc\u00e9 m\u00e1s aqu\u00ed.","breadcrumb":{"@id":"https:\/\/www.fromdoppler.com\/es\/marketing-automation-para-ecommerce-argentina\/#breadcrumb"},"inLanguage":"es","potentialAction":[{"@type":"ReadAction","target":["https:\/\/www.fromdoppler.com\/es\/marketing-automation-para-ecommerce-argentina\/"]}]},{"@type":"BreadcrumbList","@id":"https:\/\/www.fromdoppler.com\/es\/marketing-automation-para-ecommerce-argentina\/#breadcrumb","itemListElement":[{"@type":"ListItem","position":1,"name":"Home","item":"https:\/\/www.fromdoppler.com\/es\/"},{"@type":"ListItem","position":2,"name":"Marketing Automation para E-commerce de Argentina"}]},{"@type":"WebSite","@id":"https:\/\/www.fromdoppler.com\/es\/#website","url":"https:\/\/www.fromdoppler.com\/es\/","name":"Doppler Website","description":"Otro sitio realizado con WordPress","potentialAction":[{"@type":"SearchAction","target":{"@type":"EntryPoint","urlTemplate":"https:\/\/www.fromdoppler.com\/es\/?s={search_term_string}"},"query-input":"required name=search_term_string"}],"inLanguage":"es"}]}},"_links":{"self":[{"href":"https:\/\/www.fromdoppler.com\/es\/wp-json\/wp\/v2\/pages\/4372"}],"collection":[{"href":"https:\/\/www.fromdoppler.com\/es\/wp-json\/wp\/v2\/pages"}],"about":[{"href":"https:\/\/www.fromdoppler.com\/es\/wp-json\/wp\/v2\/types\/page"}],"author":[{"embeddable":true,"href":"https:\/\/www.fromdoppler.com\/es\/wp-json\/wp\/v2\/users\/15"}],"replies":[{"embeddable":true,"href":"https:\/\/www.fromdoppler.com\/es\/wp-json\/wp\/v2\/comments?post=4372"}],"version-history":[{"count":0,"href":"https:\/\/www.fromdoppler.com\/es\/wp-json\/wp\/v2\/pages\/4372\/revisions"}],"wp:attachment":[{"href":"https:\/\/www.fromdoppler.com\/es\/wp-json\/wp\/v2\/media?parent=4372"}],"curies":[{"name":"wp","href":"https:\/\/api.w.org\/{rel}","templated":true}]}}