{"id":3246,"date":"2021-04-21T12:37:42","date_gmt":"2021-04-21T12:37:42","guid":{"rendered":"https:\/\/www.fromdoppler.com\/es\/?page_id=3246"},"modified":"2021-04-21T13:12:45","modified_gmt":"2021-04-21T13:12:45","slug":"form-agreement-auth","status":"publish","type":"page","link":"https:\/\/www.fromdoppler.com\/es\/procesamiento-de-datos\/","title":{"rendered":"Acuerdo de Protecci\u00f3n de Datos"},"content":{"rendered":"","protected":false},"excerpt":{"rendered":"","protected":false},"author":5,"featured_media":0,"parent":0,"menu_order":5,"comment_status":"closed","ping_status":"closed","template":"","meta":[],"acf":[],"yoast_head":"<!-- This site is optimized with the Yoast SEO plugin v19.6.1 - https:\/\/yoast.com\/wordpress\/plugins\/seo\/ -->\n<title>Acuerdo de Protecci\u00f3n de Datos | Doppler<\/title>\n<meta name=\"description\" content=\"Completa el Formulario para descargar el Acuerdo con la informaci\u00f3n que consignes. Tambi\u00e9n puedes descargarlo sin completar.\" \/>\n<meta name=\"robots\" content=\"index, follow, max-snippet:-1, max-image-preview:large, max-video-preview:-1\" \/>\n<meta property=\"og:locale\" content=\"es_ES\" \/>\n<meta property=\"og:type\" content=\"article\" \/>\n<meta property=\"og:title\" content=\"Acuerdo de Protecci\u00f3n de Datos | Doppler\" \/>\n<meta property=\"og:description\" content=\"Completa el Formulario para descargar el Acuerdo con la informaci\u00f3n que consignes. Tambi\u00e9n puedes descargarlo sin completar.\" \/>\n<meta property=\"og:url\" content=\"https:\/\/www.fromdoppler.com\/es\/procesamiento-de-datos\/\" \/>\n<meta property=\"og:site_name\" content=\"Doppler Website\" \/>\n<meta property=\"article:modified_time\" content=\"2021-04-21T13:12:45+00:00\" \/>\n<meta name=\"twitter:card\" content=\"summary_large_image\" \/>\n<!-- \/ Yoast SEO plugin. -->","yoast_head_json":{"title":"Acuerdo de Protecci\u00f3n de Datos | Doppler","description":"Completa el Formulario para descargar el Acuerdo con la informaci\u00f3n que consignes. Tambi\u00e9n puedes descargarlo sin completar.","robots":{"index":"index","follow":"follow","max-snippet":"max-snippet:-1","max-image-preview":"max-image-preview:large","max-video-preview":"max-video-preview:-1"},"og_locale":"es_ES","og_type":"article","og_title":"Acuerdo de Protecci\u00f3n de Datos | Doppler","og_description":"Completa el Formulario para descargar el Acuerdo con la informaci\u00f3n que consignes. Tambi\u00e9n puedes descargarlo sin completar.","og_url":"https:\/\/www.fromdoppler.com\/es\/procesamiento-de-datos\/","og_site_name":"Doppler Website","article_modified_time":"2021-04-21T13:12:45+00:00","twitter_card":"summary_large_image","schema":{"@context":"https:\/\/schema.org","@graph":[{"@type":"WebPage","@id":"https:\/\/www.fromdoppler.com\/es\/procesamiento-de-datos\/","url":"https:\/\/www.fromdoppler.com\/es\/procesamiento-de-datos\/","name":"Acuerdo de Protecci\u00f3n de Datos | Doppler","isPartOf":{"@id":"https:\/\/www.fromdoppler.com\/es\/#website"},"datePublished":"2021-04-21T12:37:42+00:00","dateModified":"2021-04-21T13:12:45+00:00","description":"Completa el Formulario para descargar el Acuerdo con la informaci\u00f3n que consignes. Tambi\u00e9n puedes descargarlo sin completar.","breadcrumb":{"@id":"https:\/\/www.fromdoppler.com\/es\/procesamiento-de-datos\/#breadcrumb"},"inLanguage":"es","potentialAction":[{"@type":"ReadAction","target":["https:\/\/www.fromdoppler.com\/es\/procesamiento-de-datos\/"]}]},{"@type":"BreadcrumbList","@id":"https:\/\/www.fromdoppler.com\/es\/procesamiento-de-datos\/#breadcrumb","itemListElement":[{"@type":"ListItem","position":1,"name":"Home","item":"https:\/\/www.fromdoppler.com\/es\/"},{"@type":"ListItem","position":2,"name":"Acuerdo de Protecci\u00f3n de Datos"}]},{"@type":"WebSite","@id":"https:\/\/www.fromdoppler.com\/es\/#website","url":"https:\/\/www.fromdoppler.com\/es\/","name":"Doppler Website","description":"Otro sitio realizado con WordPress","potentialAction":[{"@type":"SearchAction","target":{"@type":"EntryPoint","urlTemplate":"https:\/\/www.fromdoppler.com\/es\/?s={search_term_string}"},"query-input":"required name=search_term_string"}],"inLanguage":"es"}]}},"_links":{"self":[{"href":"https:\/\/www.fromdoppler.com\/es\/wp-json\/wp\/v2\/pages\/3246"}],"collection":[{"href":"https:\/\/www.fromdoppler.com\/es\/wp-json\/wp\/v2\/pages"}],"about":[{"href":"https:\/\/www.fromdoppler.com\/es\/wp-json\/wp\/v2\/types\/page"}],"author":[{"embeddable":true,"href":"https:\/\/www.fromdoppler.com\/es\/wp-json\/wp\/v2\/users\/5"}],"replies":[{"embeddable":true,"href":"https:\/\/www.fromdoppler.com\/es\/wp-json\/wp\/v2\/comments?post=3246"}],"version-history":[{"count":0,"href":"https:\/\/www.fromdoppler.com\/es\/wp-json\/wp\/v2\/pages\/3246\/revisions"}],"wp:attachment":[{"href":"https:\/\/www.fromdoppler.com\/es\/wp-json\/wp\/v2\/media?parent=3246"}],"curies":[{"name":"wp","href":"https:\/\/api.w.org\/{rel}","templated":true}]}}