{"id":177,"date":"2018-01-02T15:21:48","date_gmt":"2018-01-02T15:21:48","guid":{"rendered":"https:\/\/www.fromdoppler.com\/\/\/\/\/?page_id=177"},"modified":"2020-06-23T17:33:25","modified_gmt":"2020-06-23T17:33:25","slug":"team","status":"publish","type":"page","link":"https:\/\/www.fromdoppler.com\/es\/equipo\/","title":{"rendered":"Equipo"},"content":{"rendered":"","protected":false},"excerpt":{"rendered":"","protected":false},"author":5,"featured_media":0,"parent":0,"menu_order":41,"comment_status":"closed","ping_status":"closed","template":"","meta":[],"acf":[],"yoast_head":"<!-- This site is optimized with the Yoast SEO plugin v19.6.1 - https:\/\/yoast.com\/wordpress\/plugins\/seo\/ -->\n<title>Nuestro Equipo | Doppler Email Marketing<\/title>\n<meta name=\"description\" content=\"\u00bfTe gustar\u00eda saber qui\u00e9nes son las personas que hacen de Doppler la herramienta de Email Marketing l\u00edder del mercado? \u00a1Con\u00f3celos y descubre c\u00f3mo sumarte!\" \/>\n<meta name=\"robots\" content=\"index, follow, max-snippet:-1, max-image-preview:large, max-video-preview:-1\" \/>\n<meta property=\"og:locale\" content=\"es_ES\" \/>\n<meta property=\"og:type\" content=\"article\" \/>\n<meta property=\"og:title\" content=\"Nuestro Equipo | Doppler Email Marketing\" \/>\n<meta property=\"og:description\" content=\"\u00bfTe gustar\u00eda saber qui\u00e9nes son las personas que hacen de Doppler la herramienta de Email Marketing l\u00edder del mercado? \u00a1Con\u00f3celos y descubre c\u00f3mo sumarte!\" \/>\n<meta property=\"og:url\" content=\"https:\/\/www.fromdoppler.com\/es\/equipo\/\" \/>\n<meta property=\"og:site_name\" content=\"Doppler Website\" \/>\n<meta property=\"article:modified_time\" content=\"2020-06-23T17:33:25+00:00\" \/>\n<meta name=\"twitter:card\" content=\"summary_large_image\" \/>\n<!-- \/ Yoast SEO plugin. -->","yoast_head_json":{"title":"Nuestro Equipo | Doppler Email Marketing","description":"\u00bfTe gustar\u00eda saber qui\u00e9nes son las personas que hacen de Doppler la herramienta de Email Marketing l\u00edder del mercado? \u00a1Con\u00f3celos y descubre c\u00f3mo sumarte!","robots":{"index":"index","follow":"follow","max-snippet":"max-snippet:-1","max-image-preview":"max-image-preview:large","max-video-preview":"max-video-preview:-1"},"og_locale":"es_ES","og_type":"article","og_title":"Nuestro Equipo | Doppler Email Marketing","og_description":"\u00bfTe gustar\u00eda saber qui\u00e9nes son las personas que hacen de Doppler la herramienta de Email Marketing l\u00edder del mercado? \u00a1Con\u00f3celos y descubre c\u00f3mo sumarte!","og_url":"https:\/\/www.fromdoppler.com\/es\/equipo\/","og_site_name":"Doppler Website","article_modified_time":"2020-06-23T17:33:25+00:00","twitter_card":"summary_large_image","schema":{"@context":"https:\/\/schema.org","@graph":[{"@type":"WebPage","@id":"https:\/\/www.fromdoppler.com\/es\/equipo\/","url":"https:\/\/www.fromdoppler.com\/es\/equipo\/","name":"Nuestro Equipo | Doppler Email Marketing","isPartOf":{"@id":"https:\/\/www.fromdoppler.com\/es\/#website"},"datePublished":"2018-01-02T15:21:48+00:00","dateModified":"2020-06-23T17:33:25+00:00","description":"\u00bfTe gustar\u00eda saber qui\u00e9nes son las personas que hacen de Doppler la herramienta de Email Marketing l\u00edder del mercado? \u00a1Con\u00f3celos y descubre c\u00f3mo sumarte!","breadcrumb":{"@id":"https:\/\/www.fromdoppler.com\/es\/equipo\/#breadcrumb"},"inLanguage":"es","potentialAction":[{"@type":"ReadAction","target":["https:\/\/www.fromdoppler.com\/es\/equipo\/"]}]},{"@type":"BreadcrumbList","@id":"https:\/\/www.fromdoppler.com\/es\/equipo\/#breadcrumb","itemListElement":[{"@type":"ListItem","position":1,"name":"Home","item":"https:\/\/www.fromdoppler.com\/es\/"},{"@type":"ListItem","position":2,"name":"Equipo"}]},{"@type":"WebSite","@id":"https:\/\/www.fromdoppler.com\/es\/#website","url":"https:\/\/www.fromdoppler.com\/es\/","name":"Doppler Website","description":"Otro sitio realizado con WordPress","potentialAction":[{"@type":"SearchAction","target":{"@type":"EntryPoint","urlTemplate":"https:\/\/www.fromdoppler.com\/es\/?s={search_term_string}"},"query-input":"required name=search_term_string"}],"inLanguage":"es"}]}},"_links":{"self":[{"href":"https:\/\/www.fromdoppler.com\/es\/wp-json\/wp\/v2\/pages\/177"}],"collection":[{"href":"https:\/\/www.fromdoppler.com\/es\/wp-json\/wp\/v2\/pages"}],"about":[{"href":"https:\/\/www.fromdoppler.com\/es\/wp-json\/wp\/v2\/types\/page"}],"author":[{"embeddable":true,"href":"https:\/\/www.fromdoppler.com\/es\/wp-json\/wp\/v2\/users\/5"}],"replies":[{"embeddable":true,"href":"https:\/\/www.fromdoppler.com\/es\/wp-json\/wp\/v2\/comments?post=177"}],"version-history":[{"count":0,"href":"https:\/\/www.fromdoppler.com\/es\/wp-json\/wp\/v2\/pages\/177\/revisions"}],"wp:attachment":[{"href":"https:\/\/www.fromdoppler.com\/es\/wp-json\/wp\/v2\/media?parent=177"}],"curies":[{"name":"wp","href":"https:\/\/api.w.org\/{rel}","templated":true}]}}