{"id":1566,"date":"2018-09-25T20:24:00","date_gmt":"2018-09-25T20:24:00","guid":{"rendered":"https:\/\/www.fromdoppler.com\/\/\/\/?page_id=1566"},"modified":"2019-04-23T19:17:29","modified_gmt":"2019-04-23T19:17:29","slug":"legal","status":"publish","type":"page","link":"https:\/\/www.fromdoppler.com\/es\/legal\/","title":{"rendered":"Informaci\u00f3n Legal"},"content":{"rendered":"","protected":false},"excerpt":{"rendered":"","protected":false},"author":5,"featured_media":0,"parent":0,"menu_order":16,"comment_status":"closed","ping_status":"closed","template":"","meta":[],"acf":[],"yoast_head":"<!-- This site is optimized with the Yoast SEO plugin v19.6.1 - https:\/\/yoast.com\/wordpress\/plugins\/seo\/ -->\n<title>Informaci\u00f3n Legal, RGPD y Privacy Shield | Doppler Email Marketing<\/title>\n<meta name=\"description\" content=\"Descubre c\u00f3mo protegemos tu privacidad, lo que puedes y no puedes hacer con Doppler y cu\u00e1les son las pr\u00e1cticas que implementamos para luchar contra el Spam.\" \/>\n<meta name=\"robots\" content=\"index, follow, max-snippet:-1, max-image-preview:large, max-video-preview:-1\" \/>\n<meta property=\"og:locale\" content=\"es_ES\" \/>\n<meta property=\"og:type\" content=\"article\" \/>\n<meta property=\"og:title\" content=\"Informaci\u00f3n Legal, RGPD y Privacy Shield | Doppler Email Marketing\" \/>\n<meta property=\"og:description\" content=\"Descubre c\u00f3mo protegemos tu privacidad, lo que puedes y no puedes hacer con Doppler y cu\u00e1les son las pr\u00e1cticas que implementamos para luchar contra el Spam.\" \/>\n<meta property=\"og:url\" content=\"https:\/\/www.fromdoppler.com\/es\/legal\/\" \/>\n<meta property=\"og:site_name\" content=\"Doppler Website\" \/>\n<meta property=\"article:modified_time\" content=\"2019-04-23T19:17:29+00:00\" \/>\n<meta name=\"twitter:card\" content=\"summary_large_image\" \/>\n<!-- \/ Yoast SEO plugin. -->","yoast_head_json":{"title":"Informaci\u00f3n Legal, RGPD y Privacy Shield | Doppler Email Marketing","description":"Descubre c\u00f3mo protegemos tu privacidad, lo que puedes y no puedes hacer con Doppler y cu\u00e1les son las pr\u00e1cticas que implementamos para luchar contra el Spam.","robots":{"index":"index","follow":"follow","max-snippet":"max-snippet:-1","max-image-preview":"max-image-preview:large","max-video-preview":"max-video-preview:-1"},"og_locale":"es_ES","og_type":"article","og_title":"Informaci\u00f3n Legal, RGPD y Privacy Shield | Doppler Email Marketing","og_description":"Descubre c\u00f3mo protegemos tu privacidad, lo que puedes y no puedes hacer con Doppler y cu\u00e1les son las pr\u00e1cticas que implementamos para luchar contra el Spam.","og_url":"https:\/\/www.fromdoppler.com\/es\/legal\/","og_site_name":"Doppler Website","article_modified_time":"2019-04-23T19:17:29+00:00","twitter_card":"summary_large_image","schema":{"@context":"https:\/\/schema.org","@graph":[{"@type":"WebPage","@id":"https:\/\/www.fromdoppler.com\/en\/legal\/","url":"https:\/\/www.fromdoppler.com\/en\/legal\/","name":"Legal, GDPR & Privacy Shield | Doppler Email Marketing","isPartOf":{"@id":"https:\/\/www.fromdoppler.com\/es\/#website"},"datePublished":"2018-09-25T20:24:00+00:00","dateModified":"2019-04-23T19:17:29+00:00","description":"Discover how we protect your personal information, what you can and can't do with Doppler and what are our practices to avoid Spam.","breadcrumb":{"@id":"https:\/\/www.fromdoppler.com\/en\/legal\/#breadcrumb"},"inLanguage":"es","potentialAction":[{"@type":"ReadAction","target":["https:\/\/www.fromdoppler.com\/en\/legal\/"]}]},{"@type":"BreadcrumbList","@id":"https:\/\/www.fromdoppler.com\/en\/legal\/#breadcrumb","itemListElement":[{"@type":"ListItem","position":1,"name":"Home","item":"https:\/\/www.fromdoppler.com\/es\/"},{"@type":"ListItem","position":2,"name":"Legal Information"}]},{"@type":"WebSite","@id":"https:\/\/www.fromdoppler.com\/es\/#website","url":"https:\/\/www.fromdoppler.com\/es\/","name":"Doppler Website","description":"Otro sitio realizado con WordPress","potentialAction":[{"@type":"SearchAction","target":{"@type":"EntryPoint","urlTemplate":"https:\/\/www.fromdoppler.com\/es\/?s={search_term_string}"},"query-input":"required name=search_term_string"}],"inLanguage":"es"}]}},"_links":{"self":[{"href":"https:\/\/www.fromdoppler.com\/es\/wp-json\/wp\/v2\/pages\/1566"}],"collection":[{"href":"https:\/\/www.fromdoppler.com\/es\/wp-json\/wp\/v2\/pages"}],"about":[{"href":"https:\/\/www.fromdoppler.com\/es\/wp-json\/wp\/v2\/types\/page"}],"author":[{"embeddable":true,"href":"https:\/\/www.fromdoppler.com\/es\/wp-json\/wp\/v2\/users\/5"}],"replies":[{"embeddable":true,"href":"https:\/\/www.fromdoppler.com\/es\/wp-json\/wp\/v2\/comments?post=1566"}],"version-history":[{"count":0,"href":"https:\/\/www.fromdoppler.com\/es\/wp-json\/wp\/v2\/pages\/1566\/revisions"}],"wp:attachment":[{"href":"https:\/\/www.fromdoppler.com\/es\/wp-json\/wp\/v2\/media?parent=1566"}],"curies":[{"name":"wp","href":"https:\/\/api.w.org\/{rel}","templated":true}]}}