{"id":1561,"date":"2018-09-25T20:07:06","date_gmt":"2018-09-25T20:07:06","guid":{"rendered":"https:\/\/www.fromdoppler.com\/\/\/\/?page_id=1561"},"modified":"2019-04-23T19:25:42","modified_gmt":"2019-04-23T19:25:42","slug":"cookie","status":"publish","type":"page","link":"https:\/\/www.fromdoppler.com\/es\/legal\/cookies\/","title":{"rendered":"Informaci\u00f3n Legal &#8211; Cookies"},"content":{"rendered":"","protected":false},"excerpt":{"rendered":"","protected":false},"author":5,"featured_media":0,"parent":1566,"menu_order":19,"comment_status":"closed","ping_status":"closed","template":"","meta":[],"acf":[],"yoast_head":"<!-- This site is optimized with the Yoast SEO plugin v19.6.1 - https:\/\/yoast.com\/wordpress\/plugins\/seo\/ -->\n<title>Declaraci\u00f3n de Cookies, RGPD y Privacy Shield | Doppler Email Marketing<\/title>\n<meta name=\"description\" content=\"Te decimos c\u00f3mo y por qu\u00e9 utilizamos cookies en nuestro Sitio Web y cu\u00e1les son tus derechos para controlar su uso.\" \/>\n<meta name=\"robots\" content=\"index, follow, max-snippet:-1, max-image-preview:large, max-video-preview:-1\" \/>\n<meta property=\"og:locale\" content=\"es_ES\" \/>\n<meta property=\"og:type\" content=\"article\" \/>\n<meta property=\"og:title\" content=\"Declaraci\u00f3n de Cookies, RGPD y Privacy Shield | Doppler Email Marketing\" \/>\n<meta property=\"og:description\" content=\"Te decimos c\u00f3mo y por qu\u00e9 utilizamos cookies en nuestro Sitio Web y cu\u00e1les son tus derechos para controlar su uso.\" \/>\n<meta property=\"og:url\" content=\"https:\/\/www.fromdoppler.com\/es\/legal\/cookies\/\" \/>\n<meta property=\"og:site_name\" content=\"Doppler Website\" \/>\n<meta property=\"article:modified_time\" content=\"2019-04-23T19:25:42+00:00\" \/>\n<meta name=\"twitter:card\" content=\"summary_large_image\" \/>\n<!-- \/ Yoast SEO plugin. -->","yoast_head_json":{"title":"Declaraci\u00f3n de Cookies, RGPD y Privacy Shield | Doppler Email Marketing","description":"Te decimos c\u00f3mo y por qu\u00e9 utilizamos cookies en nuestro Sitio Web y cu\u00e1les son tus derechos para controlar su uso.","robots":{"index":"index","follow":"follow","max-snippet":"max-snippet:-1","max-image-preview":"max-image-preview:large","max-video-preview":"max-video-preview:-1"},"og_locale":"es_ES","og_type":"article","og_title":"Declaraci\u00f3n de Cookies, RGPD y Privacy Shield | Doppler Email Marketing","og_description":"Te decimos c\u00f3mo y por qu\u00e9 utilizamos cookies en nuestro Sitio Web y cu\u00e1les son tus derechos para controlar su uso.","og_url":"https:\/\/www.fromdoppler.com\/es\/legal\/cookies\/","og_site_name":"Doppler Website","article_modified_time":"2019-04-23T19:25:42+00:00","twitter_card":"summary_large_image","schema":{"@context":"https:\/\/schema.org","@graph":[{"@type":"WebPage","@id":"https:\/\/www.fromdoppler.com\/en\/legal\/cookies\/","url":"https:\/\/www.fromdoppler.com\/en\/legal\/cookies\/","name":"Statement on Cookies, GDPR & Privacy Shield | Doppler Email Marketing","isPartOf":{"@id":"https:\/\/www.fromdoppler.com\/es\/#website"},"datePublished":"2018-09-25T20:07:06+00:00","dateModified":"2019-04-23T19:25:42+00:00","description":"We explain how and why in Doppler we use cookies in the course of our business and on our Website, as well as your rights to control how we use them.","breadcrumb":{"@id":"https:\/\/www.fromdoppler.com\/en\/legal\/cookies\/#breadcrumb"},"inLanguage":"es","potentialAction":[{"@type":"ReadAction","target":["https:\/\/www.fromdoppler.com\/en\/legal\/cookies\/"]}]},{"@type":"BreadcrumbList","@id":"https:\/\/www.fromdoppler.com\/en\/legal\/cookies\/#breadcrumb","itemListElement":[{"@type":"ListItem","position":1,"name":"Home","item":"https:\/\/www.fromdoppler.com\/es\/"},{"@type":"ListItem","position":2,"name":"Legal Information","item":"https:\/\/www.fromdoppler.com\/en\/legal\/"},{"@type":"ListItem","position":3,"name":"Legal Information &#8211; Cookies"}]},{"@type":"WebSite","@id":"https:\/\/www.fromdoppler.com\/es\/#website","url":"https:\/\/www.fromdoppler.com\/es\/","name":"Doppler Website","description":"Otro sitio realizado con WordPress","potentialAction":[{"@type":"SearchAction","target":{"@type":"EntryPoint","urlTemplate":"https:\/\/www.fromdoppler.com\/es\/?s={search_term_string}"},"query-input":"required name=search_term_string"}],"inLanguage":"es"}]}},"_links":{"self":[{"href":"https:\/\/www.fromdoppler.com\/es\/wp-json\/wp\/v2\/pages\/1561"}],"collection":[{"href":"https:\/\/www.fromdoppler.com\/es\/wp-json\/wp\/v2\/pages"}],"about":[{"href":"https:\/\/www.fromdoppler.com\/es\/wp-json\/wp\/v2\/types\/page"}],"author":[{"embeddable":true,"href":"https:\/\/www.fromdoppler.com\/es\/wp-json\/wp\/v2\/users\/5"}],"replies":[{"embeddable":true,"href":"https:\/\/www.fromdoppler.com\/es\/wp-json\/wp\/v2\/comments?post=1561"}],"version-history":[{"count":0,"href":"https:\/\/www.fromdoppler.com\/es\/wp-json\/wp\/v2\/pages\/1561\/revisions"}],"up":[{"embeddable":true,"href":"https:\/\/www.fromdoppler.com\/es\/wp-json\/wp\/v2\/pages\/1566"}],"wp:attachment":[{"href":"https:\/\/www.fromdoppler.com\/es\/wp-json\/wp\/v2\/media?parent=1561"}],"curies":[{"name":"wp","href":"https:\/\/api.w.org\/{rel}","templated":true}]}}