{"id":1468,"date":"2018-09-04T17:25:34","date_gmt":"2018-09-04T17:25:34","guid":{"rendered":"https:\/\/www.fromdoppler.com\/\/\/\/?page_id=1468"},"modified":"2024-05-21T15:03:30","modified_gmt":"2024-05-21T15:03:30","slug":"forms","status":"publish","type":"page","link":"https:\/\/www.fromdoppler.com\/es\/formulario-web\/","title":{"rendered":"Funcionalidades &#8211; Formularios"},"content":{"rendered":"","protected":false},"excerpt":{"rendered":"","protected":false},"author":5,"featured_media":0,"parent":0,"menu_order":22,"comment_status":"closed","ping_status":"closed","template":"","meta":[],"acf":[],"yoast_head":"<!-- This site is optimized with the Yoast SEO plugin v19.6.1 - https:\/\/yoast.com\/wordpress\/plugins\/seo\/ -->\n<title>Capta potenciales clientes con Formularios Web | Doppler<\/title>\n<meta name=\"description\" content=\"Crea Formularios Web de Suscripci\u00f3n para incluir en tu Sitio, Blog, Tienda Online o p\u00e1gina de Facebook y capta nuevos leads en autom\u00e1tico. \u00a1Pru\u00e9balo gratis!\" \/>\n<meta name=\"robots\" content=\"index, follow, max-snippet:-1, max-image-preview:large, max-video-preview:-1\" \/>\n<meta property=\"og:locale\" content=\"es_ES\" \/>\n<meta property=\"og:type\" content=\"article\" \/>\n<meta property=\"og:title\" content=\"Capta potenciales clientes con Formularios Web | Doppler\" \/>\n<meta property=\"og:description\" content=\"Crea Formularios Web de Suscripci\u00f3n para incluir en tu Sitio, Blog, Tienda Online o p\u00e1gina de Facebook y capta nuevos leads en autom\u00e1tico. \u00a1Pru\u00e9balo gratis!\" \/>\n<meta property=\"og:url\" content=\"https:\/\/www.fromdoppler.com\/es\/formulario-web\/\" \/>\n<meta property=\"og:site_name\" content=\"Doppler Website\" \/>\n<meta property=\"article:modified_time\" content=\"2024-05-21T15:03:30+00:00\" \/>\n<meta name=\"twitter:card\" content=\"summary_large_image\" \/>\n<!-- \/ Yoast SEO plugin. -->","yoast_head_json":{"title":"Capta potenciales clientes con Formularios Web | Doppler","description":"Crea Formularios Web de Suscripci\u00f3n para incluir en tu Sitio, Blog, Tienda Online o p\u00e1gina de Facebook y capta nuevos leads en autom\u00e1tico. \u00a1Pru\u00e9balo gratis!","robots":{"index":"index","follow":"follow","max-snippet":"max-snippet:-1","max-image-preview":"max-image-preview:large","max-video-preview":"max-video-preview:-1"},"og_locale":"es_ES","og_type":"article","og_title":"Capta potenciales clientes con Formularios Web | Doppler","og_description":"Crea Formularios Web de Suscripci\u00f3n para incluir en tu Sitio, Blog, Tienda Online o p\u00e1gina de Facebook y capta nuevos leads en autom\u00e1tico. \u00a1Pru\u00e9balo gratis!","og_url":"https:\/\/www.fromdoppler.com\/es\/formulario-web\/","og_site_name":"Doppler Website","article_modified_time":"2024-05-21T15:03:30+00:00","twitter_card":"summary_large_image","schema":{"@context":"https:\/\/schema.org","@graph":[{"@type":"WebPage","@id":"https:\/\/www.fromdoppler.com\/es\/formulario-web\/","url":"https:\/\/www.fromdoppler.com\/es\/formulario-web\/","name":"[:es]Capta potenciales clientes con Formularios Web | Doppler[:en]Capture potential clients with Web Forms | Doppler[:]","isPartOf":{"@id":"https:\/\/www.fromdoppler.com\/es\/#website"},"datePublished":"2018-09-04T17:25:34+00:00","dateModified":"2024-05-21T15:03:30+00:00","description":"[:es]Crea Formularios Web de Suscripci\u00f3n para incluir en tu Sitio, Blog, Tienda Online o p\u00e1gina de Facebook y capta nuevos leads en autom\u00e1tico. \u00a1Pru\u00e9balo gratis![:en]Create beautiful Sign Up Forms using Doppler's powerfull Drag and Drop Form creator.[:]","breadcrumb":{"@id":"https:\/\/www.fromdoppler.com\/es\/formulario-web\/#breadcrumb"},"inLanguage":"es","potentialAction":[{"@type":"ReadAction","target":["https:\/\/www.fromdoppler.com\/es\/formulario-web\/"]}]},{"@type":"BreadcrumbList","@id":"https:\/\/www.fromdoppler.com\/es\/formulario-web\/#breadcrumb","itemListElement":[{"@type":"ListItem","position":1,"name":"Home","item":"https:\/\/www.fromdoppler.com\/es\/"},{"@type":"ListItem","position":2,"name":"Funcionalidades &#8211; Formularios"}]},{"@type":"WebSite","@id":"https:\/\/www.fromdoppler.com\/es\/#website","url":"https:\/\/www.fromdoppler.com\/es\/","name":"Doppler Website","description":"Otro sitio realizado con WordPress","potentialAction":[{"@type":"SearchAction","target":{"@type":"EntryPoint","urlTemplate":"https:\/\/www.fromdoppler.com\/es\/?s={search_term_string}"},"query-input":"required name=search_term_string"}],"inLanguage":"es"}]}},"_links":{"self":[{"href":"https:\/\/www.fromdoppler.com\/es\/wp-json\/wp\/v2\/pages\/1468"}],"collection":[{"href":"https:\/\/www.fromdoppler.com\/es\/wp-json\/wp\/v2\/pages"}],"about":[{"href":"https:\/\/www.fromdoppler.com\/es\/wp-json\/wp\/v2\/types\/page"}],"author":[{"embeddable":true,"href":"https:\/\/www.fromdoppler.com\/es\/wp-json\/wp\/v2\/users\/5"}],"replies":[{"embeddable":true,"href":"https:\/\/www.fromdoppler.com\/es\/wp-json\/wp\/v2\/comments?post=1468"}],"version-history":[{"count":0,"href":"https:\/\/www.fromdoppler.com\/es\/wp-json\/wp\/v2\/pages\/1468\/revisions"}],"wp:attachment":[{"href":"https:\/\/www.fromdoppler.com\/es\/wp-json\/wp\/v2\/media?parent=1468"}],"curies":[{"name":"wp","href":"https:\/\/api.w.org\/{rel}","templated":true}]}}