{"id":3691,"date":"2022-07-27T13:32:38","date_gmt":"2022-07-27T13:32:38","guid":{"rendered":"https:\/\/www.fromdoppler.com\/es\/?page_id=3691"},"modified":"2024-05-21T15:04:40","modified_gmt":"2024-05-21T15:04:40","slug":"email-transaccional","status":"publish","type":"page","link":"https:\/\/www.fromdoppler.com\/en\/transactional-email\/","title":{"rendered":"Transactional Email"},"content":{"rendered":"","protected":false},"excerpt":{"rendered":"","protected":false},"author":31,"featured_media":0,"parent":0,"menu_order":0,"comment_status":"closed","ping_status":"closed","template":"page-transactional-email.php","meta":[],"acf":[],"yoast_head":"<!-- This site is optimized with the Yoast SEO plugin v19.6.1 - https:\/\/yoast.com\/wordpress\/plugins\/seo\/ -->\n<title>Transactional Email | Doppler<\/title>\n<meta name=\"description\" content=\"(Espa\u00f1ol) Crea emails transaccionales para que los usuarios realicen una acci\u00f3n en concreto. Simplifica tu comunicaci\u00f3n y env\u00eda diferentes tipos de email transaccionales.\" \/>\n<meta name=\"robots\" content=\"index, follow, max-snippet:-1, max-image-preview:large, max-video-preview:-1\" \/>\n<meta property=\"og:locale\" content=\"en_US\" \/>\n<meta property=\"og:type\" content=\"article\" \/>\n<meta property=\"og:title\" content=\"Transactional Email | Doppler\" \/>\n<meta property=\"og:description\" content=\"(Espa\u00f1ol) Crea emails transaccionales para que los usuarios realicen una acci\u00f3n en concreto. Simplifica tu comunicaci\u00f3n y env\u00eda diferentes tipos de email transaccionales.\" \/>\n<meta property=\"og:url\" content=\"https:\/\/www.fromdoppler.com\/en\/transactional-email\/\" \/>\n<meta property=\"og:site_name\" content=\"Doppler Website\" \/>\n<meta property=\"article:modified_time\" content=\"2024-05-21T15:04:40+00:00\" \/>\n<meta name=\"twitter:card\" content=\"summary_large_image\" \/>\n<!-- \/ Yoast SEO plugin. -->","yoast_head_json":{"title":"Transactional Email | Doppler","description":"(Espa\u00f1ol) Crea emails transaccionales para que los usuarios realicen una acci\u00f3n en concreto. Simplifica tu comunicaci\u00f3n y env\u00eda diferentes tipos de email transaccionales.","robots":{"index":"index","follow":"follow","max-snippet":"max-snippet:-1","max-image-preview":"max-image-preview:large","max-video-preview":"max-video-preview:-1"},"og_locale":"en_US","og_type":"article","og_title":"Transactional Email | Doppler","og_description":"(Espa\u00f1ol) Crea emails transaccionales para que los usuarios realicen una acci\u00f3n en concreto. Simplifica tu comunicaci\u00f3n y env\u00eda diferentes tipos de email transaccionales.","og_url":"https:\/\/www.fromdoppler.com\/en\/transactional-email\/","og_site_name":"Doppler Website","article_modified_time":"2024-05-21T15:04:40+00:00","twitter_card":"summary_large_image","schema":{"@context":"https:\/\/schema.org","@graph":[{"@type":"WebPage","@id":"https:\/\/www.fromdoppler.com\/es\/email-transaccional\/","url":"https:\/\/www.fromdoppler.com\/es\/email-transaccional\/","name":"[:es]Automatiza procesos con el Email Transaccional | Doppler[:en]Transactional Email | Doppler[:]","isPartOf":{"@id":"https:\/\/www.fromdoppler.com\/es\/#website"},"datePublished":"2022-07-27T13:32:38+00:00","dateModified":"2024-05-21T15:04:40+00:00","description":"[:es]Crea emails transaccionales para que los usuarios realicen una acci\u00f3n en concreto. Simplifica tu comunicaci\u00f3n y env\u00eda diferentes tipos de email transaccionales.[:]","breadcrumb":{"@id":"https:\/\/www.fromdoppler.com\/es\/email-transaccional\/#breadcrumb"},"inLanguage":"en-US","potentialAction":[{"@type":"ReadAction","target":["https:\/\/www.fromdoppler.com\/es\/email-transaccional\/"]}]},{"@type":"BreadcrumbList","@id":"https:\/\/www.fromdoppler.com\/es\/email-transaccional\/#breadcrumb","itemListElement":[{"@type":"ListItem","position":1,"name":"Home","item":"https:\/\/www.fromdoppler.com\/es\/"},{"@type":"ListItem","position":2,"name":"Email Transaccional"}]},{"@type":"WebSite","@id":"https:\/\/www.fromdoppler.com\/es\/#website","url":"https:\/\/www.fromdoppler.com\/es\/","name":"Doppler Website","description":"Otro sitio realizado con WordPress","potentialAction":[{"@type":"SearchAction","target":{"@type":"EntryPoint","urlTemplate":"https:\/\/www.fromdoppler.com\/es\/?s={search_term_string}"},"query-input":"required name=search_term_string"}],"inLanguage":"en-US"}]}},"_links":{"self":[{"href":"https:\/\/www.fromdoppler.com\/en\/wp-json\/wp\/v2\/pages\/3691"}],"collection":[{"href":"https:\/\/www.fromdoppler.com\/en\/wp-json\/wp\/v2\/pages"}],"about":[{"href":"https:\/\/www.fromdoppler.com\/en\/wp-json\/wp\/v2\/types\/page"}],"author":[{"embeddable":true,"href":"https:\/\/www.fromdoppler.com\/en\/wp-json\/wp\/v2\/users\/31"}],"replies":[{"embeddable":true,"href":"https:\/\/www.fromdoppler.com\/en\/wp-json\/wp\/v2\/comments?post=3691"}],"version-history":[{"count":0,"href":"https:\/\/www.fromdoppler.com\/en\/wp-json\/wp\/v2\/pages\/3691\/revisions"}],"wp:attachment":[{"href":"https:\/\/www.fromdoppler.com\/en\/wp-json\/wp\/v2\/media?parent=3691"}],"curies":[{"name":"wp","href":"https:\/\/api.w.org\/{rel}","templated":true}]}}