{"id":318,"date":"2018-01-11T17:08:47","date_gmt":"2018-01-11T17:08:47","guid":{"rendered":"https:\/\/www.fromdoppler.com\/\/\/\/\/?page_id=318"},"modified":"2025-03-17T14:21:02","modified_gmt":"2025-03-17T14:21:02","slug":"infografias","status":"publish","type":"page","link":"https:\/\/www.fromdoppler.com\/en\/resources\/infografias\/","title":{"rendered":"recursos-infografias"},"content":{"rendered":"","protected":false},"excerpt":{"rendered":"","protected":false},"author":5,"featured_media":4472,"parent":236,"menu_order":35,"comment_status":"closed","ping_status":"closed","template":"","meta":[],"acf":[],"yoast_head":"<!-- This site is optimized with the Yoast SEO plugin v19.6.1 - https:\/\/yoast.com\/wordpress\/plugins\/seo\/ -->\n<title>(Espa\u00f1ol) Infograf\u00edas gratis de Marketing Online<\/title>\n<meta name=\"description\" content=\"(Espa\u00f1ol) Capac\u00edtate con nuestras Infograf\u00edas gratuitas y en espa\u00f1ol de Email Marketing, SEO, Content Marketing y muchos m\u00e1s temas. \u00a1Accede!\" \/>\n<meta name=\"robots\" content=\"index, follow, max-snippet:-1, max-image-preview:large, max-video-preview:-1\" \/>\n<meta property=\"og:locale\" content=\"en_US\" \/>\n<meta property=\"og:type\" content=\"article\" \/>\n<meta property=\"og:title\" content=\"(Espa\u00f1ol) Infograf\u00edas gratis de Marketing Online\" \/>\n<meta property=\"og:description\" content=\"(Espa\u00f1ol) Capac\u00edtate con nuestras Infograf\u00edas gratuitas y en espa\u00f1ol de Email Marketing, SEO, Content Marketing y muchos m\u00e1s temas. \u00a1Accede!\" \/>\n<meta property=\"og:url\" content=\"https:\/\/www.fromdoppler.com\/en\/resources\/infografias\/\" \/>\n<meta property=\"og:site_name\" content=\"Doppler Website\" \/>\n<meta property=\"article:modified_time\" content=\"2025-03-17T14:21:02+00:00\" \/>\n<meta property=\"og:image\" content=\"https:\/\/www.fromdoppler.com\/wp-content\/uploads\/2025\/03\/PREVIEW-RECURSOS-DESCARGABLESV2-tw.png\" \/>\n\t<meta property=\"og:image:width\" content=\"1024\" \/>\n\t<meta property=\"og:image:height\" content=\"512\" \/>\n\t<meta property=\"og:image:type\" content=\"image\/png\" \/>\n<meta name=\"twitter:card\" content=\"summary_large_image\" \/>\n<meta name=\"twitter:image\" content=\"https:\/\/www.fromdoppler.com\/wp-content\/uploads\/2025\/03\/PREVIEW-RECURSOS-DESCARGABLESV2-tw.png\" \/>\n<!-- \/ Yoast SEO plugin. -->","yoast_head_json":{"title":"(Espa\u00f1ol) Infograf\u00edas gratis de Marketing Online","description":"(Espa\u00f1ol) Capac\u00edtate con nuestras Infograf\u00edas gratuitas y en espa\u00f1ol de Email Marketing, SEO, Content Marketing y muchos m\u00e1s temas. \u00a1Accede!","robots":{"index":"index","follow":"follow","max-snippet":"max-snippet:-1","max-image-preview":"max-image-preview:large","max-video-preview":"max-video-preview:-1"},"og_locale":"en_US","og_type":"article","og_title":"(Espa\u00f1ol) Infograf\u00edas gratis de Marketing Online","og_description":"(Espa\u00f1ol) Capac\u00edtate con nuestras Infograf\u00edas gratuitas y en espa\u00f1ol de Email Marketing, SEO, Content Marketing y muchos m\u00e1s temas. \u00a1Accede!","og_url":"https:\/\/www.fromdoppler.com\/en\/resources\/infografias\/","og_site_name":"Doppler Website","article_modified_time":"2025-03-17T14:21:02+00:00","og_image":[{"width":1024,"height":512,"url":"https:\/\/www.fromdoppler.com\/wp-content\/uploads\/2025\/03\/PREVIEW-RECURSOS-DESCARGABLESV2-tw.png","type":"image\/png"}],"twitter_card":"summary_large_image","twitter_image":"https:\/\/www.fromdoppler.com\/wp-content\/uploads\/2025\/03\/PREVIEW-RECURSOS-DESCARGABLESV2-tw.png","schema":{"@context":"https:\/\/schema.org","@graph":[{"@type":"WebPage","@id":"https:\/\/www.fromdoppler.com\/es\/recursos-marketing\/infografias\/","url":"https:\/\/www.fromdoppler.com\/es\/recursos-marketing\/infografias\/","name":"[:es]Infograf\u00edas gratis de Marketing Online[:]","isPartOf":{"@id":"https:\/\/www.fromdoppler.com\/es\/#website"},"datePublished":"2018-01-11T17:08:47+00:00","dateModified":"2025-03-17T14:21:02+00:00","description":"[:es]Capac\u00edtate con nuestras Infograf\u00edas gratuitas y en espa\u00f1ol de Email Marketing, SEO, Content Marketing y muchos m\u00e1s temas. \u00a1Accede![:]","breadcrumb":{"@id":"https:\/\/www.fromdoppler.com\/es\/recursos-marketing\/infografias\/#breadcrumb"},"inLanguage":"en-US","potentialAction":[{"@type":"ReadAction","target":["https:\/\/www.fromdoppler.com\/es\/recursos-marketing\/infografias\/"]}]},{"@type":"BreadcrumbList","@id":"https:\/\/www.fromdoppler.com\/es\/recursos-marketing\/infografias\/#breadcrumb","itemListElement":[{"@type":"ListItem","position":1,"name":"Home","item":"https:\/\/www.fromdoppler.com\/es\/"},{"@type":"ListItem","position":2,"name":"recursos-todos","item":"https:\/\/www.fromdoppler.com\/es\/recursos-marketing\/"},{"@type":"ListItem","position":3,"name":"recursos-infografias"}]},{"@type":"WebSite","@id":"https:\/\/www.fromdoppler.com\/es\/#website","url":"https:\/\/www.fromdoppler.com\/es\/","name":"Doppler Website","description":"Otro sitio realizado con WordPress","potentialAction":[{"@type":"SearchAction","target":{"@type":"EntryPoint","urlTemplate":"https:\/\/www.fromdoppler.com\/es\/?s={search_term_string}"},"query-input":"required name=search_term_string"}],"inLanguage":"en-US"}]}},"_links":{"self":[{"href":"https:\/\/www.fromdoppler.com\/en\/wp-json\/wp\/v2\/pages\/318"}],"collection":[{"href":"https:\/\/www.fromdoppler.com\/en\/wp-json\/wp\/v2\/pages"}],"about":[{"href":"https:\/\/www.fromdoppler.com\/en\/wp-json\/wp\/v2\/types\/page"}],"author":[{"embeddable":true,"href":"https:\/\/www.fromdoppler.com\/en\/wp-json\/wp\/v2\/users\/5"}],"replies":[{"embeddable":true,"href":"https:\/\/www.fromdoppler.com\/en\/wp-json\/wp\/v2\/comments?post=318"}],"version-history":[{"count":0,"href":"https:\/\/www.fromdoppler.com\/en\/wp-json\/wp\/v2\/pages\/318\/revisions"}],"up":[{"embeddable":true,"href":"https:\/\/www.fromdoppler.com\/en\/wp-json\/wp\/v2\/pages\/236"}],"wp:featuredmedia":[{"embeddable":true,"href":"https:\/\/www.fromdoppler.com\/en\/wp-json\/wp\/v2\/media\/4472"}],"wp:attachment":[{"href":"https:\/\/www.fromdoppler.com\/en\/wp-json\/wp\/v2\/media?parent=318"}],"curies":[{"name":"wp","href":"https:\/\/api.w.org\/{rel}","templated":true}]}}