{"id":1227,"date":"2018-04-30T17:44:12","date_gmt":"2018-04-30T17:44:12","guid":{"rendered":"https:\/\/www.fromdoppler.com\/\/\/\/?page_id=1227"},"modified":"2025-08-01T13:06:41","modified_gmt":"2025-08-01T13:06:41","slug":"automation","status":"publish","type":"page","link":"https:\/\/www.fromdoppler.com\/en\/email-automation\/","title":{"rendered":"Features &#8211; Automation"},"content":{"rendered":"","protected":false},"excerpt":{"rendered":"","protected":false},"author":5,"featured_media":4460,"parent":0,"menu_order":24,"comment_status":"closed","ping_status":"closed","template":"","meta":[],"acf":[],"yoast_head":"<!-- This site is optimized with the Yoast SEO plugin v19.6.1 - https:\/\/yoast.com\/wordpress\/plugins\/seo\/ -->\n<title>Mejor Software de Email Automation para tu Empresa | Doppler<\/title>\n<meta name=\"description\" content=\"Programa Campa\u00f1as de Email Automation que se env\u00eden de acuerdo al comportamiento de tus Suscriptores. Pru\u00e9balo gratis\" \/>\n<meta name=\"robots\" content=\"index, follow, max-snippet:-1, max-image-preview:large, max-video-preview:-1\" \/>\n<meta property=\"og:locale\" content=\"en_US\" \/>\n<meta property=\"og:type\" content=\"article\" \/>\n<meta property=\"og:title\" content=\"Mejor Software de Email Automation para tu Empresa | Doppler\" \/>\n<meta property=\"og:description\" content=\"Programa Campa\u00f1as de Email Automation que se env\u00eden de acuerdo al comportamiento de tus Suscriptores. Pru\u00e9balo gratis\" \/>\n<meta property=\"og:url\" content=\"https:\/\/www.fromdoppler.com\/en\/email-automation\/\" \/>\n<meta property=\"og:site_name\" content=\"Doppler Website\" \/>\n<meta property=\"article:modified_time\" content=\"2025-08-01T13:06:41+00:00\" \/>\n<meta property=\"og:image\" content=\"https:\/\/www.fromdoppler.com\/wp-content\/uploads\/2025\/02\/login-onsite-img-1.png\" \/>\n\t<meta property=\"og:image:width\" content=\"1899\" \/>\n\t<meta property=\"og:image:height\" content=\"1159\" \/>\n\t<meta property=\"og:image:type\" content=\"image\/png\" \/>\n<meta name=\"twitter:card\" content=\"summary_large_image\" \/>\n<!-- \/ Yoast SEO plugin. -->","yoast_head_json":{"title":"Mejor Software de Email Automation para tu Empresa | Doppler","description":"Programa Campa\u00f1as de Email Automation que se env\u00eden de acuerdo al comportamiento de tus Suscriptores. Pru\u00e9balo gratis","robots":{"index":"index","follow":"follow","max-snippet":"max-snippet:-1","max-image-preview":"max-image-preview:large","max-video-preview":"max-video-preview:-1"},"og_locale":"en_US","og_type":"article","og_title":"Mejor Software de Email Automation para tu Empresa | Doppler","og_description":"Programa Campa\u00f1as de Email Automation que se env\u00eden de acuerdo al comportamiento de tus Suscriptores. Pru\u00e9balo gratis","og_url":"https:\/\/www.fromdoppler.com\/en\/email-automation\/","og_site_name":"Doppler Website","article_modified_time":"2025-08-01T13:06:41+00:00","og_image":[{"width":1899,"height":1159,"url":"https:\/\/www.fromdoppler.com\/wp-content\/uploads\/2025\/02\/login-onsite-img-1.png","type":"image\/png"}],"twitter_card":"summary_large_image","schema":{"@context":"https:\/\/schema.org","@graph":[{"@type":"WebPage","@id":"https:\/\/www.fromdoppler.com\/es\/email-automation\/","url":"https:\/\/www.fromdoppler.com\/es\/email-automation\/","name":"Mejor Software de Email Automation para tu Empresa | Doppler","isPartOf":{"@id":"https:\/\/www.fromdoppler.com\/es\/#website"},"datePublished":"2018-04-30T17:44:12+00:00","dateModified":"2025-08-01T13:06:41+00:00","description":"Programa Campa\u00f1as de Email Automation que se env\u00eden de acuerdo al comportamiento de tus Suscriptores. Pru\u00e9balo gratis","breadcrumb":{"@id":"https:\/\/www.fromdoppler.com\/es\/email-automation\/#breadcrumb"},"inLanguage":"en-US","potentialAction":[{"@type":"ReadAction","target":["https:\/\/www.fromdoppler.com\/es\/email-automation\/"]}]},{"@type":"BreadcrumbList","@id":"https:\/\/www.fromdoppler.com\/es\/email-automation\/#breadcrumb","itemListElement":[{"@type":"ListItem","position":1,"name":"Home","item":"https:\/\/www.fromdoppler.com\/es\/"},{"@type":"ListItem","position":2,"name":"Funcionalidades &#8211; Automation"}]},{"@type":"WebSite","@id":"https:\/\/www.fromdoppler.com\/es\/#website","url":"https:\/\/www.fromdoppler.com\/es\/","name":"Doppler Website","description":"Otro sitio realizado con WordPress","potentialAction":[{"@type":"SearchAction","target":{"@type":"EntryPoint","urlTemplate":"https:\/\/www.fromdoppler.com\/es\/?s={search_term_string}"},"query-input":"required name=search_term_string"}],"inLanguage":"en-US"}]}},"_links":{"self":[{"href":"https:\/\/www.fromdoppler.com\/en\/wp-json\/wp\/v2\/pages\/1227"}],"collection":[{"href":"https:\/\/www.fromdoppler.com\/en\/wp-json\/wp\/v2\/pages"}],"about":[{"href":"https:\/\/www.fromdoppler.com\/en\/wp-json\/wp\/v2\/types\/page"}],"author":[{"embeddable":true,"href":"https:\/\/www.fromdoppler.com\/en\/wp-json\/wp\/v2\/users\/5"}],"replies":[{"embeddable":true,"href":"https:\/\/www.fromdoppler.com\/en\/wp-json\/wp\/v2\/comments?post=1227"}],"version-history":[{"count":0,"href":"https:\/\/www.fromdoppler.com\/en\/wp-json\/wp\/v2\/pages\/1227\/revisions"}],"wp:featuredmedia":[{"embeddable":true,"href":"https:\/\/www.fromdoppler.com\/en\/wp-json\/wp\/v2\/media\/4460"}],"wp:attachment":[{"href":"https:\/\/www.fromdoppler.com\/en\/wp-json\/wp\/v2\/media?parent=1227"}],"curies":[{"name":"wp","href":"https:\/\/api.w.org\/{rel}","templated":true}]}}